{"id":628,"date":"2024-03-12T18:50:10","date_gmt":"2024-03-12T18:50:10","guid":{"rendered":"https:\/\/www.locationmanagers.fi\/?page_id=628"},"modified":"2026-04-06T13:18:34","modified_gmt":"2026-04-06T13:18:34","slug":"aloitussivu","status":"publish","type":"page","link":"https:\/\/www.locationmanagers.fi\/?page_id=628","title":{"rendered":"Aloitussivu"},"content":{"rendered":"\n<p class=\"has-text-align-right\"><\/p>\n\n\n\n<div id=\"wp-block-themeisle-blocks-advanced-columns-0d1f8fd9\" class=\"wp-block-themeisle-blocks-advanced-columns has-1-columns has-desktop-equal-layout has-tablet-equal-layout has-mobile-equal-layout has-vertical-unset has-dark-bg\"><div class=\"wp-block-themeisle-blocks-advanced-columns-overlay\"><\/div><div class=\"innerblocks-wrap\">\n<div id=\"wp-block-themeisle-blocks-advanced-column-cc7f7ea3\" class=\"wp-block-themeisle-blocks-advanced-column ticss-262bb66b has-dark-bg\">\n<h4 class=\"wp-block-heading has-text-align-center has-dark-bg has-medium-font-size\"><em>\u201cMiss\u00e4 taide ja todellisuus kohtaavat&#8221;<\/em><\/h4>\n<\/div>\n<\/div><\/div>\n\n\n\n<div class=\"wp-block-cover is-light\"><img loading=\"lazy\" decoding=\"async\" width=\"1080\" height=\"475\" class=\"wp-block-cover__image-background wp-image-348\" alt=\"\" src=\"http:\/\/www.locationmanagers.fi\/wp-content\/uploads\/2023\/04\/cover3-1.png\" data-object-fit=\"cover\" srcset=\"https:\/\/www.locationmanagers.fi\/wp-content\/uploads\/2023\/04\/cover3-1.png 1080w, https:\/\/www.locationmanagers.fi\/wp-content\/uploads\/2023\/04\/cover3-1-300x132.png 300w, https:\/\/www.locationmanagers.fi\/wp-content\/uploads\/2023\/04\/cover3-1-1024x450.png 1024w, https:\/\/www.locationmanagers.fi\/wp-content\/uploads\/2023\/04\/cover3-1-768x338.png 768w\" sizes=\"auto, (max-width: 1080px) 100vw, 1080px\" \/><span aria-hidden=\"true\" class=\"wp-block-cover__background has-background-dim\"><\/span><div class=\"wp-block-cover__inner-container is-layout-flow wp-block-cover-is-layout-flow\">\n<p class=\"has-text-align-center has-nv-text-dark-bg-color has-text-color has-large-font-size\"><strong>SUOMEN KUVAUSJ\u00c4RJEST\u00c4J\u00c4T RY<\/strong><\/p>\n<\/div><\/div>\n\n\n\n<div id=\"wp-block-themeisle-blocks-advanced-columns-4c780ce2\" class=\"wp-block-themeisle-blocks-advanced-columns has-1-columns has-desktop-equal-layout has-tablet-equal-layout has-mobile-equal-layout has-vertical-unset has-dark-bg\"><div class=\"wp-block-themeisle-blocks-advanced-columns-overlay\"><\/div><div class=\"innerblocks-wrap\">\n<div id=\"wp-block-themeisle-blocks-advanced-column-8e9da98e\" class=\"wp-block-themeisle-blocks-advanced-column ticss-262bb66b has-dark-bg\">\n<h4 class=\"wp-block-heading has-text-align-center has-medium-font-size\">ELOKUVA- JA TV-ALAN KUVAUSJ\u00c4RJEST\u00c4JIEN JA KUVAUSPAIKKAETSIJ\u00d6IDEN YHDISTYS<\/h4>\n<\/div>\n<\/div><\/div>\n\n\n\n<p><\/p>\n\n\n\n<p class=\"has-text-align-center\"><strong>Kuvauspaikkaj\u00e4rjest\u00e4j\u00e4<\/strong><br><em>(engl. location manager)<\/em><\/p>\n\n\n\n<p class=\"has-text-align-center\">on elokuva- ja televisiotuotannossa henkil\u00f6, joka huolehtii kuvausstudion ulkopuolisiin kuvauspaikkoihin liittyvist\u00e4 k\u00e4yt\u00e4nn\u00f6n j\u00e4rjestelyist\u00e4 kuvauksissa. Ty\u00f6 ajoittuu sek\u00e4 esituotanto- ett\u00e4 varsinaiseen tuotantovaiheeseen.<\/p>\n\n\n\n<p class=\"has-text-align-center\">Vastuualueisiin kuuluu yleens\u00e4 kaikki kuvauspaikkoihin ja niiden ymp\u00e4rist\u00f6\u00f6n liittyv\u00e4, alkaen lokaatioiden vuokrasopimuksista p\u00e4\u00e4ttyen niiden siivouksen j\u00e4rjest\u00e4miseen ja takaisinluovuttamiseen kuvausten j\u00e4lkeen. Teht\u00e4viin kuuluu esim. kuvausluvat, parkkipaikat, saniteettitilat, huoltotilat ja osittain tuotannon k\u00e4yt\u00e4nn\u00f6n logistiikka.<\/p>\n\n\n\n<p class=\"has-text-align-center\">Ty\u00f6nkuva voi eri maissa olla hieman erilainen.<\/p>\n\n\n\n<p class=\"has-text-align-center\"><strong>Kuvauspaikkaetsij\u00e4<\/strong><br><em>(engl. location scout)<\/em><\/p>\n\n\n\n<p class=\"has-text-align-center\">on elokuva- ja televisiotuotannossa henkil\u00f6, joka huolehtii kuvausstudion ulkopuolisten kuvauspaikkojen etsinn\u00e4st\u00e4 ja alustavasta luvituksesta.<\/p>\n\n\n\n<p class=\"has-text-align-center\">Toimii tiiviiss\u00e4 yhteisty\u00f6ss\u00e4 ohjaajan, kuvaajan ja lavastajan kanssa. Ty\u00f6 ajoittuu p\u00e4\u00e4s\u00e4\u00e4nt\u00f6isesti esituotantovaiheeseen, ennen kuvauksia.<\/p>\n\n\n\n<p class=\"has-text-align-center\">Kuvauspaikkaj\u00e4rjest\u00e4j\u00e4n ja kuvauspaikkaetsij\u00e4n ty\u00f6teht\u00e4vi\u00e4 hoitaa usein sama henkil\u00f6.<\/p>\n\n\n\n<div id=\"wp-block-themeisle-blocks-advanced-columns-6f11e740\" class=\"wp-block-themeisle-blocks-advanced-columns alignfull has-1-columns has-desktop-equal-layout has-tablet-equal-layout has-mobile-equal-layout has-vertical-unset has-light-bg\"><div class=\"wp-block-themeisle-blocks-advanced-columns-overlay\"><\/div><div class=\"innerblocks-wrap\">\n<div id=\"wp-block-themeisle-blocks-advanced-column-085d763a\" class=\"wp-block-themeisle-blocks-advanced-column\">\n<h5 id=\"wp-block-themeisle-blocks-advanced-heading-4e96de44\" class=\"wp-block-themeisle-blocks-advanced-heading wp-block-themeisle-blocks-advanced-heading-4e96de44\">S\u00c4HK\u00d6POSTI: contact@locationmanagers.fi<\/h5>\n\n\n\n<p><\/p>\n\n\n\n<h5 class=\"wp-block-heading has-text-align-center\">L\u00d6YD\u00c4T MEID\u00c4T MY\u00d6S INSTAGRAMISTA, FACEBOOKISTA JA LINKEDINISTA<\/h5>\n\n\n\n<ul class=\"wp-block-social-links has-large-icon-size has-icon-background-color items-justified-center is-style-default is-content-justification-center is-layout-flex wp-container-core-social-links-is-layout-16018d1d wp-block-social-links-is-layout-flex\"><li style=\"background-color:var(u002du002dnv-primary-accent);\" class=\"wp-social-link wp-social-link-facebook has-neve-link-color-background-color wp-block-social-link\"><a rel=\"noopener nofollow\" target=\"_blank\" href=\"https:\/\/www.facebook.com\/profile.php?id=100080252972967\" class=\"wp-block-social-link-anchor\"><svg width=\"24\" height=\"24\" viewBox=\"0 0 24 24\" version=\"1.1\" xmlns=\"http:\/\/www.w3.org\/2000\/svg\" aria-hidden=\"true\" focusable=\"false\"><path d=\"M12 2C6.5 2 2 6.5 2 12c0 5 3.7 9.1 8.4 9.9v-7H7.9V12h2.5V9.8c0-2.5 1.5-3.9 3.8-3.9 1.1 0 2.2.2 2.2.2v2.5h-1.3c-1.2 0-1.6.8-1.6 1.6V12h2.8l-.4 2.9h-2.3v7C18.3 21.1 22 17 22 12c0-5.5-4.5-10-10-10z\"><\/path><\/svg><span class=\"wp-block-social-link-label screen-reader-text\">Facebook<\/span><\/a><\/li>\n\n<li style=\"background-color:var(u002du002dnv-primary-accent);\" class=\"wp-social-link wp-social-link-instagram has-neve-link-color-background-color wp-block-social-link\"><a rel=\"noopener nofollow\" target=\"_blank\" href=\"https:\/\/www.instagram.com\/locationmanagersfinland\/\" class=\"wp-block-social-link-anchor\"><svg width=\"24\" height=\"24\" viewBox=\"0 0 24 24\" version=\"1.1\" xmlns=\"http:\/\/www.w3.org\/2000\/svg\" aria-hidden=\"true\" focusable=\"false\"><path d=\"M12,4.622c2.403,0,2.688,0.009,3.637,0.052c0.877,0.04,1.354,0.187,1.671,0.31c0.42,0.163,0.72,0.358,1.035,0.673 c0.315,0.315,0.51,0.615,0.673,1.035c0.123,0.317,0.27,0.794,0.31,1.671c0.043,0.949,0.052,1.234,0.052,3.637 s-0.009,2.688-0.052,3.637c-0.04,0.877-0.187,1.354-0.31,1.671c-0.163,0.42-0.358,0.72-0.673,1.035 c-0.315,0.315-0.615,0.51-1.035,0.673c-0.317,0.123-0.794,0.27-1.671,0.31c-0.949,0.043-1.233,0.052-3.637,0.052 s-2.688-0.009-3.637-0.052c-0.877-0.04-1.354-0.187-1.671-0.31c-0.42-0.163-0.72-0.358-1.035-0.673 c-0.315-0.315-0.51-0.615-0.673-1.035c-0.123-0.317-0.27-0.794-0.31-1.671C4.631,14.688,4.622,14.403,4.622,12 s0.009-2.688,0.052-3.637c0.04-0.877,0.187-1.354,0.31-1.671c0.163-0.42,0.358-0.72,0.673-1.035 c0.315-0.315,0.615-0.51,1.035-0.673c0.317-0.123,0.794-0.27,1.671-0.31C9.312,4.631,9.597,4.622,12,4.622 M12,3 C9.556,3,9.249,3.01,8.289,3.054C7.331,3.098,6.677,3.25,6.105,3.472C5.513,3.702,5.011,4.01,4.511,4.511 c-0.5,0.5-0.808,1.002-1.038,1.594C3.25,6.677,3.098,7.331,3.054,8.289C3.01,9.249,3,9.556,3,12c0,2.444,0.01,2.751,0.054,3.711 c0.044,0.958,0.196,1.612,0.418,2.185c0.23,0.592,0.538,1.094,1.038,1.594c0.5,0.5,1.002,0.808,1.594,1.038 c0.572,0.222,1.227,0.375,2.185,0.418C9.249,20.99,9.556,21,12,21s2.751-0.01,3.711-0.054c0.958-0.044,1.612-0.196,2.185-0.418 c0.592-0.23,1.094-0.538,1.594-1.038c0.5-0.5,0.808-1.002,1.038-1.594c0.222-0.572,0.375-1.227,0.418-2.185 C20.99,14.751,21,14.444,21,12s-0.01-2.751-0.054-3.711c-0.044-0.958-0.196-1.612-0.418-2.185c-0.23-0.592-0.538-1.094-1.038-1.594 c-0.5-0.5-1.002-0.808-1.594-1.038c-0.572-0.222-1.227-0.375-2.185-0.418C14.751,3.01,14.444,3,12,3L12,3z M12,7.378 c-2.552,0-4.622,2.069-4.622,4.622S9.448,16.622,12,16.622s4.622-2.069,4.622-4.622S14.552,7.378,12,7.378z M12,15 c-1.657,0-3-1.343-3-3s1.343-3,3-3s3,1.343,3,3S13.657,15,12,15z M16.804,6.116c-0.596,0-1.08,0.484-1.08,1.08 s0.484,1.08,1.08,1.08c0.596,0,1.08-0.484,1.08-1.08S17.401,6.116,16.804,6.116z\"><\/path><\/svg><span class=\"wp-block-social-link-label screen-reader-text\">Instagram<\/span><\/a><\/li>\n\n<li style=\"background-color:var(u002du002dnv-primary-accent);\" class=\"wp-social-link wp-social-link-linkedin has-neve-link-color-background-color wp-block-social-link\"><a rel=\"noopener nofollow\" target=\"_blank\" href=\"https:\/\/www.linkedin.com\/company\/107076170\/\" class=\"wp-block-social-link-anchor\"><svg width=\"24\" height=\"24\" viewBox=\"0 0 24 24\" version=\"1.1\" xmlns=\"http:\/\/www.w3.org\/2000\/svg\" aria-hidden=\"true\" focusable=\"false\"><path d=\"M19.7,3H4.3C3.582,3,3,3.582,3,4.3v15.4C3,20.418,3.582,21,4.3,21h15.4c0.718,0,1.3-0.582,1.3-1.3V4.3 C21,3.582,20.418,3,19.7,3z M8.339,18.338H5.667v-8.59h2.672V18.338z M7.004,8.574c-0.857,0-1.549-0.694-1.549-1.548 c0-0.855,0.691-1.548,1.549-1.548c0.854,0,1.547,0.694,1.547,1.548C8.551,7.881,7.858,8.574,7.004,8.574z M18.339,18.338h-2.669 v-4.177c0-0.996-0.017-2.278-1.387-2.278c-1.389,0-1.601,1.086-1.601,2.206v4.249h-2.667v-8.59h2.559v1.174h0.037 c0.356-0.675,1.227-1.387,2.526-1.387c2.703,0,3.203,1.779,3.203,4.092V18.338z\"><\/path><\/svg><span class=\"wp-block-social-link-label screen-reader-text\">LinkedIn<\/span><\/a><\/li><\/ul>\n\n\n\n<div style=\"height:22px\" aria-hidden=\"true\" class=\"wp-block-spacer\"><\/div>\n\n\n\n<p class=\"has-text-align-center\">#locationmanagersfinland #locationscoutsfinland<\/p>\n\n\n\n<p class=\"has-text-align-center\" style=\"font-size:12px\">\u00a9 2026 Location Managers Finland<\/p>\n<\/div>\n<\/div><\/div>\n","protected":false},"excerpt":{"rendered":"<p>Kuvauspaikkaj\u00e4rjest\u00e4j\u00e4(engl. location manager) on elokuva- ja televisiotuotannossa henkil\u00f6, joka huolehtii kuvausstudion ulkopuolisiin kuvauspaikkoihin liittyvist\u00e4 k\u00e4yt\u00e4nn\u00f6n j\u00e4rjestelyist\u00e4 kuvauksissa. Ty\u00f6 ajoittuu sek\u00e4 esituotanto- ett\u00e4 varsinaiseen tuotantovaiheeseen. Vastuualueisiin kuuluu yleens\u00e4 kaikki kuvauspaikkoihin ja niiden ymp\u00e4rist\u00f6\u00f6n liittyv\u00e4, alkaen lokaatioiden vuokrasopimuksista p\u00e4\u00e4ttyen niiden siivouksen j\u00e4rjest\u00e4miseen ja takaisinluovuttamiseen kuvausten j\u00e4lkeen. Teht\u00e4viin kuuluu esim. kuvausluvat, parkkipaikat, saniteettitilat, huoltotilat ja osittain tuotannon k\u00e4yt\u00e4nn\u00f6n&hellip;&nbsp;<a href=\"https:\/\/www.locationmanagers.fi\/?page_id=628\" rel=\"bookmark\">Read More &raquo;<span class=\"screen-reader-text\">Aloitussivu<\/span><\/a><\/p>\n","protected":false},"author":1,"featured_media":0,"parent":0,"menu_order":0,"comment_status":"closed","ping_status":"closed","template":"page-templates\/template-pagebuilder-full-width.php","meta":{"om_disable_all_campaigns":false,"_monsterinsights_skip_tracking":false,"_monsterinsights_sitenote_active":false,"_monsterinsights_sitenote_note":"","_monsterinsights_sitenote_category":0,"_uf_show_specific_survey":0,"_uf_disable_surveys":false,"neve_meta_sidebar":"full-width","neve_meta_container":"","neve_meta_enable_content_width":"on","neve_meta_content_width":100,"neve_meta_title_alignment":"","neve_meta_author_avatar":"","neve_post_elements_order":"","neve_meta_disable_header":"","neve_meta_disable_footer":"","neve_meta_disable_title":"on","_themeisle_gutenberg_block_has_review":false,"footnotes":""},"class_list":["post-628","page","type-page","status-publish","hentry"],"aioseo_notices":[],"_links":{"self":[{"href":"https:\/\/www.locationmanagers.fi\/index.php?rest_route=\/wp\/v2\/pages\/628","targetHints":{"allow":["GET"]}}],"collection":[{"href":"https:\/\/www.locationmanagers.fi\/index.php?rest_route=\/wp\/v2\/pages"}],"about":[{"href":"https:\/\/www.locationmanagers.fi\/index.php?rest_route=\/wp\/v2\/types\/page"}],"author":[{"embeddable":true,"href":"https:\/\/www.locationmanagers.fi\/index.php?rest_route=\/wp\/v2\/users\/1"}],"replies":[{"embeddable":true,"href":"https:\/\/www.locationmanagers.fi\/index.php?rest_route=%2Fwp%2Fv2%2Fcomments&post=628"}],"version-history":[{"count":9,"href":"https:\/\/www.locationmanagers.fi\/index.php?rest_route=\/wp\/v2\/pages\/628\/revisions"}],"predecessor-version":[{"id":882,"href":"https:\/\/www.locationmanagers.fi\/index.php?rest_route=\/wp\/v2\/pages\/628\/revisions\/882"}],"wp:attachment":[{"href":"https:\/\/www.locationmanagers.fi\/index.php?rest_route=%2Fwp%2Fv2%2Fmedia&parent=628"}],"curies":[{"name":"wp","href":"https:\/\/api.w.org\/{rel}","templated":true}]}}