{"id":633,"date":"2024-03-12T18:58:58","date_gmt":"2024-03-12T18:58:58","guid":{"rendered":"https:\/\/www.locationmanagers.fi\/?page_id=633"},"modified":"2024-03-17T15:55:30","modified_gmt":"2024-03-17T15:55:30","slug":"uutiset","status":"publish","type":"page","link":"https:\/\/www.locationmanagers.fi\/?page_id=633","title":{"rendered":"Uutiset"},"content":{"rendered":"\n<p>Viimeisimm\u00e4t uutiset t\u00e4\u00e4lt\u00e4<\/p>\n\n\n<div class=\"wp-block-themeisle-blocks-posts-grid\" id=\"wp-block-themeisle-blocks-posts-grid-a353b45c\"><div class=\"is-grid o-posts-grid-columns-3\"><div class=\"o-posts-grid-post-blog o-posts-grid-post-plain\"><div class=\"o-posts-grid-post\"><div class=\"o-posts-grid-post-body is-full\"><span class=\"o-posts-grid-post-category\"><a href=\"https:\/\/www.locationmanagers.fi\/?cat=1\">Uncategorized<\/a><\/span><h4 class=\"o-posts-grid-post-title\"><a href=\"https:\/\/www.locationmanagers.fi\/?p=871\">Board 2026<\/a><\/h4><p class=\"o-posts-grid-post-meta\">Posted on <time datetime=\"2026-03-02T18:57:59+00:00\">March 2, 2026<\/time> by <a href=\"https:\/\/www.locationmanagers.fi\/?author=1\">admin<\/a><\/p><div class=\"o-posts-grid-post-description\"><p>The Annual General Meeting of Location Managers of Finland was held on Saturday, 28 February 2026, a\u2026<\/p><\/div><\/div><\/div><\/div><div class=\"o-posts-grid-post-blog o-posts-grid-post-plain\"><div class=\"o-posts-grid-post\"><div class=\"o-posts-grid-post-body is-full\"><span class=\"o-posts-grid-post-category\"><a href=\"https:\/\/www.locationmanagers.fi\/?cat=1\">Uncategorized<\/a><\/span><h4 class=\"o-posts-grid-post-title\"><a href=\"https:\/\/www.locationmanagers.fi\/?p=814\">Annual Meeting 2025<\/a><\/h4><p class=\"o-posts-grid-post-meta\">Posted on <time datetime=\"2025-03-31T10:10:20+00:00\">March 31, 2025<\/time> by <a href=\"https:\/\/www.locationmanagers.fi\/?author=1\">admin<\/a><\/p><div class=\"o-posts-grid-post-description\"><p>The Location Managers of Finland Association&#8217;s Annual Meeting was held on March 19, 2025. A ne\u2026<\/p><\/div><\/div><\/div><\/div><div class=\"o-posts-grid-post-blog o-posts-grid-post-plain\"><div class=\"o-posts-grid-post\"><div class=\"o-posts-grid-post-body is-full\"><span class=\"o-posts-grid-post-category\"><a href=\"https:\/\/www.locationmanagers.fi\/?cat=1\">Uncategorized<\/a><\/span><h4 class=\"o-posts-grid-post-title\"><a href=\"https:\/\/www.locationmanagers.fi\/?p=694\">Location Managers of Finland Association Featured in Lehtiset<\/a><\/h4><p class=\"o-posts-grid-post-meta\">Posted on <time datetime=\"2024-02-28T16:01:45+00:00\">February 28, 2024<\/time> by <a href=\"https:\/\/www.locationmanagers.fi\/?author=1\">admin<\/a><\/p><div class=\"o-posts-grid-post-description\"><p>We&#8217;re excited to share that the Location Managers of Finland Association has been featured in \u2026<\/p><\/div><\/div><\/div><\/div><div class=\"o-posts-grid-post-blog o-posts-grid-post-plain\"><div class=\"o-posts-grid-post\"><div class=\"o-posts-grid-post-body is-full\"><span class=\"o-posts-grid-post-category\"><a href=\"https:\/\/www.locationmanagers.fi\/?cat=1\">Uncategorized<\/a><\/span><h4 class=\"o-posts-grid-post-title\"><a href=\"https:\/\/www.locationmanagers.fi\/?p=686\">Annual meeting 2024<\/a><\/h4><p class=\"o-posts-grid-post-meta\">Posted on <time datetime=\"2024-02-16T12:22:30+00:00\">February 16, 2024<\/time> by <a href=\"https:\/\/www.locationmanagers.fi\/?author=1\">admin<\/a><\/p><div class=\"o-posts-grid-post-description\"><p>Announcement: New Board of Directors for Location Managers of Finland Association It is with great p\u2026<\/p><\/div><\/div><\/div><\/div><div class=\"o-posts-grid-post-blog o-posts-grid-post-plain\"><div class=\"o-posts-grid-post\"><div class=\"o-posts-grid-post-body is-full\"><span class=\"o-posts-grid-post-category\"><a href=\"https:\/\/www.locationmanagers.fi\/?cat=1\">Uncategorized<\/a><\/span><h4 class=\"o-posts-grid-post-title\"><a href=\"https:\/\/www.locationmanagers.fi\/?p=164\">Annual Meeting<\/a><\/h4><p class=\"o-posts-grid-post-meta\">Posted on <time datetime=\"2023-03-24T00:00:21+00:00\">March 24, 2023<\/time> by <a href=\"https:\/\/www.locationmanagers.fi\/?author=1\">admin<\/a><\/p><div class=\"o-posts-grid-post-description\"><p>Location Managers of Finland Association has elected a new Board of Directors at its annual meeting \u2026<\/p><\/div><\/div><\/div><\/div><\/div> <\/div>","protected":false},"excerpt":{"rendered":"<p>Viimeisimm\u00e4t uutiset t\u00e4\u00e4lt\u00e4<\/p>\n","protected":false},"author":1,"featured_media":0,"parent":0,"menu_order":0,"comment_status":"closed","ping_status":"closed","template":"","meta":{"om_disable_all_campaigns":false,"_monsterinsights_skip_tracking":false,"_monsterinsights_sitenote_active":false,"_monsterinsights_sitenote_note":"","_monsterinsights_sitenote_category":0,"_uf_show_specific_survey":0,"_uf_disable_surveys":false,"neve_meta_sidebar":"","neve_meta_container":"","neve_meta_enable_content_width":"","neve_meta_content_width":0,"neve_meta_title_alignment":"","neve_meta_author_avatar":"","neve_post_elements_order":"","neve_meta_disable_header":"","neve_meta_disable_footer":"","neve_meta_disable_title":"","_themeisle_gutenberg_block_has_review":false,"footnotes":""},"class_list":["post-633","page","type-page","status-publish","hentry"],"aioseo_notices":[],"_links":{"self":[{"href":"https:\/\/www.locationmanagers.fi\/index.php?rest_route=\/wp\/v2\/pages\/633","targetHints":{"allow":["GET"]}}],"collection":[{"href":"https:\/\/www.locationmanagers.fi\/index.php?rest_route=\/wp\/v2\/pages"}],"about":[{"href":"https:\/\/www.locationmanagers.fi\/index.php?rest_route=\/wp\/v2\/types\/page"}],"author":[{"embeddable":true,"href":"https:\/\/www.locationmanagers.fi\/index.php?rest_route=\/wp\/v2\/users\/1"}],"replies":[{"embeddable":true,"href":"https:\/\/www.locationmanagers.fi\/index.php?rest_route=%2Fwp%2Fv2%2Fcomments&post=633"}],"version-history":[{"count":4,"href":"https:\/\/www.locationmanagers.fi\/index.php?rest_route=\/wp\/v2\/pages\/633\/revisions"}],"predecessor-version":[{"id":693,"href":"https:\/\/www.locationmanagers.fi\/index.php?rest_route=\/wp\/v2\/pages\/633\/revisions\/693"}],"wp:attachment":[{"href":"https:\/\/www.locationmanagers.fi\/index.php?rest_route=%2Fwp%2Fv2%2Fmedia&parent=633"}],"curies":[{"name":"wp","href":"https:\/\/api.w.org\/{rel}","templated":true}]}}